{"id":7284,"date":"2013-04-03T20:33:54","date_gmt":"2013-04-03T17:33:54","guid":{"rendered":"https:\/\/elk.ee\/?page_id=7284"},"modified":"2021-01-30T13:34:31","modified_gmt":"2021-01-30T11:34:31","slug":"forgotten-toys","status":"publish","type":"page","link":"https:\/\/elk.ee\/en\/yarhiivelk-veebileht-eng\/forgotten-toys\/","title":{"rendered":"Forgotten Toys \/ A Happy Childhood"},"content":{"rendered":"<p><a href=\"https:\/\/elk.ee\/wp-content\/uploads\/2013\/04\/Toomet-unustatud-manguasjad.jpg\" data-rel=\"lightbox-image-0\" data-rl_title=\"\" data-rl_caption=\"\" title=\"\"><img loading=\"lazy\" decoding=\"async\" class=\"size-medium wp-image-7285 alignleft\" style=\"padding-right: 20px; padding-bottom: 20px;\" src=\"https:\/\/elk.ee\/wp-content\/uploads\/2013\/04\/Toomet-unustatud-manguasjad-300x264.jpg\" alt=\"Toomet-unustatud-manguasjad\" width=\"300\" height=\"264\" srcset=\"https:\/\/elk.ee\/wp-content\/uploads\/2013\/04\/Toomet-unustatud-manguasjad-300x264.jpg 300w, https:\/\/elk.ee\/wp-content\/uploads\/2013\/04\/Toomet-unustatud-manguasjad-150x132.jpg 150w, https:\/\/elk.ee\/wp-content\/uploads\/2013\/04\/Toomet-unustatud-manguasjad.jpg 795w\" sizes=\"auto, (max-width: 300px) 100vw, 300px\" \/><\/a> <a href=\"https:\/\/elk.ee\/wp-content\/uploads\/2013\/04\/Toomet-onnelik-lapsepolv.jpg\" data-rel=\"lightbox-image-1\" data-rl_title=\"\" data-rl_caption=\"\" title=\"\"><img loading=\"lazy\" decoding=\"async\" class=\"alignright size-medium wp-image-7290\" style=\"padding-left: 20px; padding-bottom: 20px;\" src=\"https:\/\/elk.ee\/wp-content\/uploads\/2013\/04\/Toomet-onnelik-lapsepolv-300x266.jpg\" alt=\"Toomet-onnelik-lapsepolv\" width=\"300\" height=\"266\" srcset=\"https:\/\/elk.ee\/wp-content\/uploads\/2013\/04\/Toomet-onnelik-lapsepolv-300x266.jpg 300w, https:\/\/elk.ee\/wp-content\/uploads\/2013\/04\/Toomet-onnelik-lapsepolv-150x133.jpg 150w, https:\/\/elk.ee\/wp-content\/uploads\/2013\/04\/Toomet-onnelik-lapsepolv.jpg 676w\" sizes=\"auto, (max-width: 300px) 100vw, 300px\" \/><\/a><\/p>\n<table style=\"clear: both; margin-top: 10px;\" border=\"0\" width=\"100%\">\n<tbody>\n<tr>\n<td width=\"50&amp;\">Forgotten Toys<br \/>\nEdited by Tiia Toomet<br \/>\nDesigned by Ruth Huimerind and J\u00fcri L\u00f5un<br \/>\nPhotography by Tiit Veerm\u00e4e<br \/>\nT\u00e4nap\u00e4ev 2005, 232 pp<br \/>\nISBN 9985-62-360-6<\/td>\n<td style=\"text-align: right;\" width=\"50%\">A Happy Childhood<br \/>\nEdited by Tiia Toomet<br \/>\nDesigned by Ruth Huimerind and J\u00fcri L\u00f5un<br \/>\nPhotography by Tiit Veerm\u00e4e<br \/>\nT\u00e4nap\u00e4ev 2007, 240 pp<br \/>\nISBN 978-9985-62-482-1<\/td>\n<\/tr>\n<\/tbody>\n<\/table>\n<p>The attractively produced collections contain stories and poems about children\u2019s games and toys. &#8220;Forgotten Toys&#8221; reflects the period between the beginning of the 20th century and the outbreak of World War II. &#8220;A Happy Childhood&#8221; deals with the Soviet period of 1940\u20131960, which falls within the lifetime of people who are now grandparents.<\/p>\n<p>Both books are copiously illustrated. The illustrations do not necessarily follow the text, but show aspects of the world in general at the time. The author made use of the collections of toys at the Tartu Toy Museum, plus illustrations from old children\u2019s books and periodicals, old photos, postcards, bottle labels, candy wrappers, Christmas decorations, and so on. The toys are often placed in surprising contexts. The team of designers consists of Ruth Huimerind (1956), J\u00fcri L\u00f5un (1975), and photographer Tiit Veerm\u00e4e (1950), whose special style is well known in Estonia.<\/p>\n<p>Awards:<br \/>\nForgotten Toys<br \/>\n2006 Baltic\u2019s Best Designed Books, 1st prize<br \/>\n2005 25 Best-Designed Estonian Books<\/p>\n<p>A Happy Childhood<br \/>\n2007 25 Best-Designed Estonian Books<\/p>\n","protected":false},"excerpt":{"rendered":"<p>Forgotten Toys Edited by Tiia Toomet Designed by Ruth Huimerind and J\u00fcri L\u00f5un Photography by Tiit Veerm\u00e4e T\u00e4nap\u00e4ev 2005, 232 pp ISBN 9985-62-360-6 A Happy Childhood Edited by Tiia Toomet Designed by Ruth Huimerind and J\u00fcri L\u00f5un Photography by Tiit Veerm\u00e4e T\u00e4nap\u00e4ev 2007, 240 pp ISBN 978-9985-62-482-1 The attractively produced collections contain stories and poems [&hellip;]<\/p>\n","protected":false},"author":3,"featured_media":7285,"parent":43781,"menu_order":0,"comment_status":"closed","ping_status":"closed","template":"","meta":{"_acf_changed":false,"inline_featured_image":false,"pgc_sgb_lightbox_settings":"","footnotes":""},"class_list":["post-7284","page","type-page","status-publish","has-post-thumbnail","hentry"],"acf":[],"yoast_head":"<!-- This site is optimized with the Yoast SEO plugin v27.3 - https:\/\/yoast.com\/product\/yoast-seo-wordpress\/ -->\n<title>Forgotten Toys \/ A Happy Childhood - Eesti Lastekirjanduse Keskus<\/title>\n<meta name=\"robots\" content=\"index, follow, max-snippet:-1, max-image-preview:large, max-video-preview:-1\" \/>\n<link rel=\"canonical\" href=\"https:\/\/elk.ee\/en\/yarhiivelk-veebileht-eng\/forgotten-toys\/\" \/>\n<meta property=\"og:locale\" content=\"en_US\" \/>\n<meta property=\"og:type\" content=\"article\" \/>\n<meta property=\"og:title\" content=\"Forgotten Toys \/ A Happy Childhood - Eesti Lastekirjanduse Keskus\" \/>\n<meta property=\"og:description\" content=\"Forgotten Toys Edited by Tiia Toomet Designed by Ruth Huimerind and J\u00fcri L\u00f5un Photography by Tiit Veerm\u00e4e T\u00e4nap\u00e4ev 2005, 232 pp ISBN 9985-62-360-6 A Happy Childhood Edited by Tiia Toomet Designed by Ruth Huimerind and J\u00fcri L\u00f5un Photography by Tiit Veerm\u00e4e T\u00e4nap\u00e4ev 2007, 240 pp ISBN 978-9985-62-482-1 The attractively produced collections contain stories and poems [&hellip;]\" \/>\n<meta property=\"og:url\" content=\"https:\/\/elk.ee\/en\/yarhiivelk-veebileht-eng\/forgotten-toys\/\" \/>\n<meta property=\"og:site_name\" content=\"Eesti Lastekirjanduse Keskus\" \/>\n<meta property=\"article:modified_time\" content=\"2021-01-30T11:34:31+00:00\" \/>\n<meta property=\"og:image\" content=\"https:\/\/elk.ee\/wp-content\/uploads\/2013\/04\/Toomet-unustatud-manguasjad.jpg\" \/>\n\t<meta property=\"og:image:width\" content=\"795\" \/>\n\t<meta property=\"og:image:height\" content=\"700\" \/>\n\t<meta property=\"og:image:type\" content=\"image\/jpeg\" \/>\n<meta name=\"twitter:card\" content=\"summary_large_image\" \/>\n<meta name=\"twitter:label1\" content=\"Est. reading time\" \/>\n\t<meta name=\"twitter:data1\" content=\"1 minute\" \/>\n<script type=\"application\/ld+json\" class=\"yoast-schema-graph\">{\"@context\":\"https:\\\/\\\/schema.org\",\"@graph\":[{\"@type\":\"WebPage\",\"@id\":\"https:\\\/\\\/elk.ee\\\/en\\\/yarhiivelk-veebileht-eng\\\/forgotten-toys\\\/\",\"url\":\"https:\\\/\\\/elk.ee\\\/en\\\/yarhiivelk-veebileht-eng\\\/forgotten-toys\\\/\",\"name\":\"Forgotten Toys \\\/ A Happy Childhood - Eesti Lastekirjanduse Keskus\",\"isPartOf\":{\"@id\":\"https:\\\/\\\/elk.ee\\\/#website\"},\"primaryImageOfPage\":{\"@id\":\"https:\\\/\\\/elk.ee\\\/en\\\/yarhiivelk-veebileht-eng\\\/forgotten-toys\\\/#primaryimage\"},\"image\":{\"@id\":\"https:\\\/\\\/elk.ee\\\/en\\\/yarhiivelk-veebileht-eng\\\/forgotten-toys\\\/#primaryimage\"},\"thumbnailUrl\":\"https:\\\/\\\/elk.ee\\\/wp-content\\\/uploads\\\/2013\\\/04\\\/Toomet-unustatud-manguasjad.jpg\",\"datePublished\":\"2013-04-03T17:33:54+00:00\",\"dateModified\":\"2021-01-30T11:34:31+00:00\",\"breadcrumb\":{\"@id\":\"https:\\\/\\\/elk.ee\\\/en\\\/yarhiivelk-veebileht-eng\\\/forgotten-toys\\\/#breadcrumb\"},\"inLanguage\":\"en-US\",\"potentialAction\":[{\"@type\":\"ReadAction\",\"target\":[\"https:\\\/\\\/elk.ee\\\/en\\\/yarhiivelk-veebileht-eng\\\/forgotten-toys\\\/\"]}]},{\"@type\":\"ImageObject\",\"inLanguage\":\"en-US\",\"@id\":\"https:\\\/\\\/elk.ee\\\/en\\\/yarhiivelk-veebileht-eng\\\/forgotten-toys\\\/#primaryimage\",\"url\":\"https:\\\/\\\/elk.ee\\\/wp-content\\\/uploads\\\/2013\\\/04\\\/Toomet-unustatud-manguasjad.jpg\",\"contentUrl\":\"https:\\\/\\\/elk.ee\\\/wp-content\\\/uploads\\\/2013\\\/04\\\/Toomet-unustatud-manguasjad.jpg\",\"width\":795,\"height\":700},{\"@type\":\"BreadcrumbList\",\"@id\":\"https:\\\/\\\/elk.ee\\\/en\\\/yarhiivelk-veebileht-eng\\\/forgotten-toys\\\/#breadcrumb\",\"itemListElement\":[{\"@type\":\"ListItem\",\"position\":1,\"name\":\"Home\",\"item\":\"https:\\\/\\\/elk.ee\\\/en\\\/\"},{\"@type\":\"ListItem\",\"position\":2,\"name\":\"YArhiiv(ELK veebileht ENG)\",\"item\":\"https:\\\/\\\/elk.ee\\\/en\\\/yarhiivelk-veebileht-eng\\\/\"},{\"@type\":\"ListItem\",\"position\":3,\"name\":\"Forgotten Toys \\\/ A Happy Childhood\"}]},{\"@type\":\"WebSite\",\"@id\":\"https:\\\/\\\/elk.ee\\\/#website\",\"url\":\"https:\\\/\\\/elk.ee\\\/\",\"name\":\"Eesti Lastekirjanduse Keskus\",\"description\":\"Eesti Lastekirjanduse Keskus\",\"publisher\":{\"@id\":\"https:\\\/\\\/elk.ee\\\/#organization\"},\"potentialAction\":[{\"@type\":\"SearchAction\",\"target\":{\"@type\":\"EntryPoint\",\"urlTemplate\":\"https:\\\/\\\/elk.ee\\\/?s={search_term_string}\"},\"query-input\":{\"@type\":\"PropertyValueSpecification\",\"valueRequired\":true,\"valueName\":\"search_term_string\"}}],\"inLanguage\":\"en-US\"},{\"@type\":\"Organization\",\"@id\":\"https:\\\/\\\/elk.ee\\\/#organization\",\"name\":\"Eesti Lastekirjanduse Keskus\",\"url\":\"https:\\\/\\\/elk.ee\\\/\",\"logo\":{\"@type\":\"ImageObject\",\"inLanguage\":\"en-US\",\"@id\":\"https:\\\/\\\/elk.ee\\\/#\\\/schema\\\/logo\\\/image\\\/\",\"url\":\"https:\\\/\\\/elk.ee\\\/wp-content\\\/uploads\\\/2021\\\/01\\\/ELK_logo_valge-1.png\",\"contentUrl\":\"https:\\\/\\\/elk.ee\\\/wp-content\\\/uploads\\\/2021\\\/01\\\/ELK_logo_valge-1.png\",\"width\":516,\"height\":159,\"caption\":\"Eesti Lastekirjanduse Keskus\"},\"image\":{\"@id\":\"https:\\\/\\\/elk.ee\\\/#\\\/schema\\\/logo\\\/image\\\/\"}}]}<\/script>\n<!-- \/ Yoast SEO plugin. -->","yoast_head_json":{"title":"Forgotten Toys \/ A Happy Childhood - Eesti Lastekirjanduse Keskus","robots":{"index":"index","follow":"follow","max-snippet":"max-snippet:-1","max-image-preview":"max-image-preview:large","max-video-preview":"max-video-preview:-1"},"canonical":"https:\/\/elk.ee\/en\/yarhiivelk-veebileht-eng\/forgotten-toys\/","og_locale":"en_US","og_type":"article","og_title":"Forgotten Toys \/ A Happy Childhood - Eesti Lastekirjanduse Keskus","og_description":"Forgotten Toys Edited by Tiia Toomet Designed by Ruth Huimerind and J\u00fcri L\u00f5un Photography by Tiit Veerm\u00e4e T\u00e4nap\u00e4ev 2005, 232 pp ISBN 9985-62-360-6 A Happy Childhood Edited by Tiia Toomet Designed by Ruth Huimerind and J\u00fcri L\u00f5un Photography by Tiit Veerm\u00e4e T\u00e4nap\u00e4ev 2007, 240 pp ISBN 978-9985-62-482-1 The attractively produced collections contain stories and poems [&hellip;]","og_url":"https:\/\/elk.ee\/en\/yarhiivelk-veebileht-eng\/forgotten-toys\/","og_site_name":"Eesti Lastekirjanduse Keskus","article_modified_time":"2021-01-30T11:34:31+00:00","og_image":[{"width":795,"height":700,"url":"https:\/\/elk.ee\/wp-content\/uploads\/2013\/04\/Toomet-unustatud-manguasjad.jpg","type":"image\/jpeg"}],"twitter_card":"summary_large_image","twitter_misc":{"Est. reading time":"1 minute"},"schema":{"@context":"https:\/\/schema.org","@graph":[{"@type":"WebPage","@id":"https:\/\/elk.ee\/en\/yarhiivelk-veebileht-eng\/forgotten-toys\/","url":"https:\/\/elk.ee\/en\/yarhiivelk-veebileht-eng\/forgotten-toys\/","name":"Forgotten Toys \/ A Happy Childhood - Eesti Lastekirjanduse Keskus","isPartOf":{"@id":"https:\/\/elk.ee\/#website"},"primaryImageOfPage":{"@id":"https:\/\/elk.ee\/en\/yarhiivelk-veebileht-eng\/forgotten-toys\/#primaryimage"},"image":{"@id":"https:\/\/elk.ee\/en\/yarhiivelk-veebileht-eng\/forgotten-toys\/#primaryimage"},"thumbnailUrl":"https:\/\/elk.ee\/wp-content\/uploads\/2013\/04\/Toomet-unustatud-manguasjad.jpg","datePublished":"2013-04-03T17:33:54+00:00","dateModified":"2021-01-30T11:34:31+00:00","breadcrumb":{"@id":"https:\/\/elk.ee\/en\/yarhiivelk-veebileht-eng\/forgotten-toys\/#breadcrumb"},"inLanguage":"en-US","potentialAction":[{"@type":"ReadAction","target":["https:\/\/elk.ee\/en\/yarhiivelk-veebileht-eng\/forgotten-toys\/"]}]},{"@type":"ImageObject","inLanguage":"en-US","@id":"https:\/\/elk.ee\/en\/yarhiivelk-veebileht-eng\/forgotten-toys\/#primaryimage","url":"https:\/\/elk.ee\/wp-content\/uploads\/2013\/04\/Toomet-unustatud-manguasjad.jpg","contentUrl":"https:\/\/elk.ee\/wp-content\/uploads\/2013\/04\/Toomet-unustatud-manguasjad.jpg","width":795,"height":700},{"@type":"BreadcrumbList","@id":"https:\/\/elk.ee\/en\/yarhiivelk-veebileht-eng\/forgotten-toys\/#breadcrumb","itemListElement":[{"@type":"ListItem","position":1,"name":"Home","item":"https:\/\/elk.ee\/en\/"},{"@type":"ListItem","position":2,"name":"YArhiiv(ELK veebileht ENG)","item":"https:\/\/elk.ee\/en\/yarhiivelk-veebileht-eng\/"},{"@type":"ListItem","position":3,"name":"Forgotten Toys \/ A Happy Childhood"}]},{"@type":"WebSite","@id":"https:\/\/elk.ee\/#website","url":"https:\/\/elk.ee\/","name":"Eesti Lastekirjanduse Keskus","description":"Eesti Lastekirjanduse Keskus","publisher":{"@id":"https:\/\/elk.ee\/#organization"},"potentialAction":[{"@type":"SearchAction","target":{"@type":"EntryPoint","urlTemplate":"https:\/\/elk.ee\/?s={search_term_string}"},"query-input":{"@type":"PropertyValueSpecification","valueRequired":true,"valueName":"search_term_string"}}],"inLanguage":"en-US"},{"@type":"Organization","@id":"https:\/\/elk.ee\/#organization","name":"Eesti Lastekirjanduse Keskus","url":"https:\/\/elk.ee\/","logo":{"@type":"ImageObject","inLanguage":"en-US","@id":"https:\/\/elk.ee\/#\/schema\/logo\/image\/","url":"https:\/\/elk.ee\/wp-content\/uploads\/2021\/01\/ELK_logo_valge-1.png","contentUrl":"https:\/\/elk.ee\/wp-content\/uploads\/2021\/01\/ELK_logo_valge-1.png","width":516,"height":159,"caption":"Eesti Lastekirjanduse Keskus"},"image":{"@id":"https:\/\/elk.ee\/#\/schema\/logo\/image\/"}}]}},"_links":{"self":[{"href":"https:\/\/elk.ee\/en\/wp-json\/wp\/v2\/pages\/7284","targetHints":{"allow":["GET"]}}],"collection":[{"href":"https:\/\/elk.ee\/en\/wp-json\/wp\/v2\/pages"}],"about":[{"href":"https:\/\/elk.ee\/en\/wp-json\/wp\/v2\/types\/page"}],"author":[{"embeddable":true,"href":"https:\/\/elk.ee\/en\/wp-json\/wp\/v2\/users\/3"}],"replies":[{"embeddable":true,"href":"https:\/\/elk.ee\/en\/wp-json\/wp\/v2\/comments?post=7284"}],"version-history":[{"count":10,"href":"https:\/\/elk.ee\/en\/wp-json\/wp\/v2\/pages\/7284\/revisions"}],"predecessor-version":[{"id":37738,"href":"https:\/\/elk.ee\/en\/wp-json\/wp\/v2\/pages\/7284\/revisions\/37738"}],"up":[{"embeddable":true,"href":"https:\/\/elk.ee\/en\/wp-json\/wp\/v2\/pages\/43781"}],"wp:featuredmedia":[{"embeddable":true,"href":"https:\/\/elk.ee\/en\/wp-json\/wp\/v2\/media\/7285"}],"wp:attachment":[{"href":"https:\/\/elk.ee\/en\/wp-json\/wp\/v2\/media?parent=7284"}],"curies":[{"name":"wp","href":"https:\/\/api.w.org\/{rel}","templated":true}]}}